{"id":24501,"date":"2026-04-25T17:13:44","date_gmt":"2026-04-25T08:13:44","guid":{"rendered":"https:\/\/running.moximoxi.net\/product\/%e8%b4%b4%e5%bc%8f%e5%85%a8%e8%ba%ab%e9%95%9c-%e8%b4%b4%e5%bc%8f%e9%95%9c-%e5%85%a8%e8%ba%ab%e9%95%9c-4%e4%bb%b6%e5%a5%97-%e9%95%9c%e5%ad%90-%e5%a3%81%e6%8c%82%e9%95%9c-%e6%97%a0%e9%9c%80%e6%89%93\/"},"modified":"2026-04-25T17:13:44","modified_gmt":"2026-04-25T08:13:44","slug":"%e8%b4%b4%e5%bc%8f%e5%85%a8%e8%ba%ab%e9%95%9c-%e8%b4%b4%e5%bc%8f%e9%95%9c-%e5%85%a8%e8%ba%ab%e9%95%9c-4%e4%bb%b6%e5%a5%97-%e9%95%9c%e5%ad%90-%e5%a3%81%e6%8c%82%e9%95%9c-%e6%97%a0%e9%9c%80%e6%89%93","status":"publish","type":"product","link":"https:\/\/running.moximoxi.net\/zh\/product\/%e8%b4%b4%e5%bc%8f%e5%85%a8%e8%ba%ab%e9%95%9c-%e8%b4%b4%e5%bc%8f%e9%95%9c-%e5%85%a8%e8%ba%ab%e9%95%9c-4%e4%bb%b6%e5%a5%97-%e9%95%9c%e5%ad%90-%e5%a3%81%e6%8c%82%e9%95%9c-%e6%97%a0%e9%9c%80%e6%89%93\/","title":{"rendered":"\u8d34\u5f0f\u5168\u8eab\u955c \u8d34\u5f0f\u955c \u5168\u8eab\u955c 4\u4ef6\u5957 \u955c\u5b50 \u58c1\u6302\u955c \u65e0\u9700\u6253\u5b54 \u9002\u5408\u79df\u623f 30\u00d730 22\u00d722 40\u00d740 35\u00d735 \u53ef\u8d34\u88c5 \u9644\u53cc\u9762\u80f6 \u8863\u67dc \u95e8 \u58c1\u6302 \u8282\u7701\u7a7a\u95f4"},"content":{"rendered":"","protected":false},"excerpt":{"rendered":"<p>\u30e1\u30fc\u30ab\u30fc\u5e0c\u671b\u5c0f\u58f2\u4fa1\u683c\u306f\u30e1\u30fc\u30ab\u30fc\u30ab\u30bf\u30ed\u30b0\u306b\u57fa\u3065\u3044\u3066\u63b2\u8f09\u3057\u3066\u3044\u307e\u3059 \u5546\u54c1\u756a\u53f7 pj3030 \u5546\u54c1\u8aac\u660e \u5b8c\u6210\u54c1\u3067\u304a\u5c4a\u3051\u3001\u58c1\u639b\u3051\u5c02\u7528\u306e\u30c6\u30fc\u30d7\u304c\u4ed8\u5c5e\u3057\u3066\u3044\u307e\u3059\u3002 \u3010\u81ea\u7531\u7d44\u5408\u3011\u304a\u597d\u304d\u306b\u4e26\u3073\u66ff\u3048\uff06\u7d44\u307f\u5408\u308f\u305bOK\uff01\u30a2\u30fc\u30c8\u306a\u7a7a\u9593\u3092\u4f5c\u308b\u3053\u3068\u304c\u3067\u304d\u307e\u3059\u3002<\/p>","protected":false},"featured_media":24498,"comment_status":"open","ping_status":"closed","template":"","meta":{"_acf_changed":false,"_uag_custom_page_level_css":""},"product_brand":[],"product_cat":[467],"product_tag":[],"class_list":{"0":"post-24501","1":"product","2":"type-product","3":"status-publish","4":"has-post-thumbnail","6":"product_cat-yoga-pilates","8":"first","9":"instock","10":"taxable","11":"shipping-taxable","12":"purchasable","13":"product-type-simple"},"acf":[],"uagb_featured_image_src":{"full":["https:\/\/running.moximoxi.net\/wp-content\/uploads\/2026\/04\/pj3030.jpg",900,900,false],"thumbnail":["https:\/\/running.moximoxi.net\/wp-content\/uploads\/2026\/04\/pj3030-150x150.jpg",150,150,true],"medium":["https:\/\/running.moximoxi.net\/wp-content\/uploads\/2026\/04\/pj3030-300x300.jpg",300,300,true],"medium_large":["https:\/\/running.moximoxi.net\/wp-content\/uploads\/2026\/04\/pj3030-768x768.jpg",768,768,true],"large":["https:\/\/running.moximoxi.net\/wp-content\/uploads\/2026\/04\/pj3030.jpg",900,900,false],"1536x1536":["https:\/\/running.moximoxi.net\/wp-content\/uploads\/2026\/04\/pj3030.jpg",900,900,false],"2048x2048":["https:\/\/running.moximoxi.net\/wp-content\/uploads\/2026\/04\/pj3030.jpg",900,900,false],"trp-custom-language-flag":["https:\/\/running.moximoxi.net\/wp-content\/uploads\/2026\/04\/pj3030-12x12.jpg",12,12,true],"gamipress-points":["https:\/\/running.moximoxi.net\/wp-content\/uploads\/2026\/04\/pj3030-50x50.jpg",50,50,true],"gamipress-achievement":["https:\/\/running.moximoxi.net\/wp-content\/uploads\/2026\/04\/pj3030-100x100.jpg",100,100,true],"gamipress-rank":["https:\/\/running.moximoxi.net\/wp-content\/uploads\/2026\/04\/pj3030-100x100.jpg",100,100,true],"woocommerce_thumbnail":["https:\/\/running.moximoxi.net\/wp-content\/uploads\/2026\/04\/pj3030-247x296.jpg",247,296,true],"woocommerce_single":["https:\/\/running.moximoxi.net\/wp-content\/uploads\/2026\/04\/pj3030-510x510.jpg",510,510,true],"woocommerce_gallery_thumbnail":["https:\/\/running.moximoxi.net\/wp-content\/uploads\/2026\/04\/pj3030-100x100.jpg",100,100,true]},"uagb_author_info":{"display_name":"Jason Deng","author_link":"https:\/\/running.moximoxi.net\/zh\/author\/"},"uagb_comment_info":0,"uagb_excerpt":"\u30e1\u30fc\u30ab\u30fc\u5e0c\u671b\u5c0f\u58f2\u4fa1\u683c\u306f\u30e1\u30fc\u30ab\u30fc\u30ab\u30bf\u30ed\u30b0\u306b\u57fa\u3065\u3044\u3066\u63b2\u8f09\u3057\u3066\u3044\u307e\u3059 \u5546\u54c1\u756a\u53f7 pj3030 \u5546\u54c1\u8aac\u660e \u5b8c\u6210\u54c1\u3067\u304a\u5c4a&hellip;","jetpack_sharing_enabled":true,"_links":{"self":[{"href":"https:\/\/running.moximoxi.net\/zh\/wp-json\/wp\/v2\/product\/24501","targetHints":{"allow":["GET"]}}],"collection":[{"href":"https:\/\/running.moximoxi.net\/zh\/wp-json\/wp\/v2\/product"}],"about":[{"href":"https:\/\/running.moximoxi.net\/zh\/wp-json\/wp\/v2\/types\/product"}],"replies":[{"embeddable":true,"href":"https:\/\/running.moximoxi.net\/zh\/wp-json\/wp\/v2\/comments?post=24501"}],"wp:featuredmedia":[{"embeddable":true,"href":"https:\/\/running.moximoxi.net\/zh\/wp-json\/wp\/v2\/media\/24498"}],"wp:attachment":[{"href":"https:\/\/running.moximoxi.net\/zh\/wp-json\/wp\/v2\/media?parent=24501"}],"wp:term":[{"taxonomy":"product_brand","embeddable":true,"href":"https:\/\/running.moximoxi.net\/zh\/wp-json\/wp\/v2\/product_brand?post=24501"},{"taxonomy":"product_cat","embeddable":true,"href":"https:\/\/running.moximoxi.net\/zh\/wp-json\/wp\/v2\/product_cat?post=24501"},{"taxonomy":"product_tag","embeddable":true,"href":"https:\/\/running.moximoxi.net\/zh\/wp-json\/wp\/v2\/product_tag?post=24501"}],"curies":[{"name":"wp","href":"https:\/\/api.w.org\/{rel}","templated":true}]}}