{"id":25229,"date":"2026-04-25T17:26:45","date_gmt":"2026-04-25T08:26:45","guid":{"rendered":"https:\/\/running.moximoxi.net\/product\/reebok-%e4%b8%be%e9%87%8d%e6%89%8b%e5%a5%97-%e9%bb%91%e8%89%b2-%e7%ba%a2%e8%89%b2-%e5%8a%9b%e9%87%8f%e8%ae%ad%e7%bb%83-%e6%89%8b%e5%a5%97-powergrip-%e8%ae%ad%e7%bb%83%e6%89%8b%e5%a5%97-%e4%b8%be\/"},"modified":"2026-04-25T17:26:45","modified_gmt":"2026-04-25T08:26:45","slug":"reebok-%e4%b8%be%e9%87%8d%e6%89%8b%e5%a5%97-%e9%bb%91%e8%89%b2-%e7%ba%a2%e8%89%b2-%e5%8a%9b%e9%87%8f%e8%ae%ad%e7%bb%83-%e6%89%8b%e5%a5%97-powergrip-%e8%ae%ad%e7%bb%83%e6%89%8b%e5%a5%97-%e4%b8%be","status":"publish","type":"product","link":"https:\/\/running.moximoxi.net\/zh\/product\/reebok-%e4%b8%be%e9%87%8d%e6%89%8b%e5%a5%97-%e9%bb%91%e8%89%b2-%e7%ba%a2%e8%89%b2-%e5%8a%9b%e9%87%8f%e8%ae%ad%e7%bb%83-%e6%89%8b%e5%a5%97-powergrip-%e8%ae%ad%e7%bb%83%e6%89%8b%e5%a5%97-%e4%b8%be\/","title":{"rendered":"Reebok \u4e3e\u91cd\u624b\u5957 \u9ed1\u8272 \u7ea2\u8272 \u529b\u91cf\u8bad\u7ec3 \u624b\u5957 PowerGrip \u8bad\u7ec3\u624b\u5957 \u4e3e\u91cd\u8bad\u7ec3"},"content":{"rendered":"<p>\u5546\u54c1\u8aac\u660e \u6700\u9ad8\u306e\u30d1\u30d5\u30a9\u30fc\u30de\u30f3\u30b9\u3092\u5b9f\u73fe\u3059\u308b\u305f\u3081\u306b\u6dbc\u3057\u3055\u3092\u4fdd\u3061\u306a\u304c\u3089\u9ad8\u3044\u30b5\u30dd\u30fc\u30c8\u529b\u3092\u767a\u63ee\u3057\u307e\u3059\u3002<\/p>\n<p>\u901a\u6c17\u6027\u306e\u3042\u308b\u30e1\u30c3\u30b7\u30e5\u7d20\u6750\uff1a\u6c57\u3092\u767a\u6563\u3055\u305b\u306a\u304c\u3089\u7a7a\u6c17\u306e\u6d41\u308c\u3092\u4fc3\u9032\u3057\u307e\u3059\u3002<\/p>\n<p>\u6dbc\u3057\u304f\u30c9\u30e9\u30a4\u306b\u4fdd\u3061\u3001\u30c8\u30ec\u30fc\u30cb\u30f3\u30b0\u306b\u96c6\u4e2d\u3067\u304d\u307e\u3059\u3002<\/p>\n<p>\u30c0\u30d6\u30eb\u30eb\u30fc\u30d7\u30d9\u30eb\u30af\u30ed\u30b9\u30c8\u30e9\u30c3\u30d7\uff1a\u30c8\u30ec\u30fc\u30cb\u30f3\u30b0\u4e2d\u306e\u30ba\u30ec\u3092\u8efd\u6e1b\u3055\u305b\u3001\u9ad8\u3044\u30b5\u30dd\u30fc\u30c8\u529b\u3092\u7dad\u6301\u3057\u307e\u3059\u3002<\/p>\n<p>\u30c7\u30e5\u30a2\u30eb\u30d5\u30a3\u30f3\u30ac\u30fc\u30d7\u30eb\uff1a\u6c57\u3092\u304b\u3044\u305f\u624b\u3067\u3082\u7740\u8131\u3092\u30b9\u30e0\u30fc\u30ba\u306b\u884c\u3048\u307e\u3059\u3002<\/p>\n<p><strong>\u89c4\u683c<\/strong>\u3002<\/p>\n<ul>\n<li>\u5546\u54c1\u30b5\u30a4\u30ba\uff08cm\uff09\uff1a 16(L)\u00d79.5(W)\u00d74(H) 17(L)\u00d710.5(W)\u00d74(H) 17.5(L)\u00d711(W)\u00d74(H) 18(L)\u00d711.5(W)\u00d74(H)<\/li>\n<li>\u5546\u54c1\u91cd\u91cf\uff1a0.066kg<\/li>\n<li>\u751f\u7523\u56fd\uff1a\u30d1\u30ad\u30b9\u30bf\u30f3<\/li>\n<li>\u30b5\u30a4\u30ba\u30ac\u30a4\u30c9\uff1a\u624b\u306e\u3072\u3089\u306e\u5468\u56f2\u3092\u6e2c\u5b9a\uff08\u89aa\u6307\u306f\u542b\u307e\u305a\uff09S\/18-19cm\u3001M\/19-20cm\u3001L\/20-21.5cm\u3001XL21.5-23cm \u203b\u753b\u50cf\u306f\u30b5\u30f3\u30d7\u30eb\u306e\u305f\u3081\u3001\u8272\u5473\u3084\u30b5\u30a4\u30ba\u7b49\u306e\u4ed5\u69d8\u306b\u5909\u66f4\u304c\u3042\u308b\u5834\u5408\u304c\u3054\u3056\u3044\u307e\u3059\u3002 \u203b\u5149\u306e\u5f53\u305f\u308a\u5177\u5408\u3084\u95b2\u89a7\u74b0\u5883\u306b\u3088\u3063\u3066\u5b9f\u969b\u306e\u8272\u5473\u3068\u7570\u306a\u3063\u3066\u898b\u3048\u308b\u5834\u5408\u304c\u3054\u3056\u3044\u307e\u3059\u3002<\/li>\n<\/ul>","protected":false},"excerpt":{"rendered":"<p>\u5546\u54c1\u8aac\u660e \u6700\u9ad8\u306e\u30d1\u30d5\u30a9\u30fc\u30de\u30f3\u30b9\u3092\u5b9f\u73fe\u3059\u308b\u305f\u3081\u306b\u6dbc\u3057\u3055\u3092\u4fdd\u3061\u306a\u304c\u3089\u9ad8\u3044\u30b5\u30dd\u30fc\u30c8\u529b\u3092\u767a\u63ee\u3057\u307e\u3059\u3002 \u901a\u6c17\u6027\u306e\u3042\u308b\u30e1\u30c3\u30b7\u30e5\u7d20\u6750\uff1a\u6c57\u3092\u767a\u6563\u3055\u305b\u306a\u304c\u3089\u7a7a\u6c17\u306e\u6d41\u308c\u3092\u4fc3\u9032\u3057\u307e\u3059\u3002<\/p>","protected":false},"featured_media":25226,"comment_status":"open","ping_status":"closed","template":"","meta":{"_acf_changed":false,"_uag_custom_page_level_css":""},"product_brand":[],"product_cat":[509],"product_tag":[],"class_list":{"0":"post-25229","1":"product","2":"type-product","3":"status-publish","4":"has-post-thumbnail","6":"product_cat-sports-gloves","8":"first","9":"instock","10":"taxable","11":"shipping-taxable","12":"purchasable","13":"product-type-simple"},"acf":[],"uagb_featured_image_src":{"full":["https:\/\/running.moximoxi.net\/wp-content\/uploads\/2026\/04\/1-48.jpg",900,900,false],"thumbnail":["https:\/\/running.moximoxi.net\/wp-content\/uploads\/2026\/04\/1-48-150x150.jpg",150,150,true],"medium":["https:\/\/running.moximoxi.net\/wp-content\/uploads\/2026\/04\/1-48-300x300.jpg",300,300,true],"medium_large":["https:\/\/running.moximoxi.net\/wp-content\/uploads\/2026\/04\/1-48-768x768.jpg",768,768,true],"large":["https:\/\/running.moximoxi.net\/wp-content\/uploads\/2026\/04\/1-48.jpg",900,900,false],"1536x1536":["https:\/\/running.moximoxi.net\/wp-content\/uploads\/2026\/04\/1-48.jpg",900,900,false],"2048x2048":["https:\/\/running.moximoxi.net\/wp-content\/uploads\/2026\/04\/1-48.jpg",900,900,false],"trp-custom-language-flag":["https:\/\/running.moximoxi.net\/wp-content\/uploads\/2026\/04\/1-48-12x12.jpg",12,12,true],"gamipress-points":["https:\/\/running.moximoxi.net\/wp-content\/uploads\/2026\/04\/1-48-50x50.jpg",50,50,true],"gamipress-achievement":["https:\/\/running.moximoxi.net\/wp-content\/uploads\/2026\/04\/1-48-100x100.jpg",100,100,true],"gamipress-rank":["https:\/\/running.moximoxi.net\/wp-content\/uploads\/2026\/04\/1-48-100x100.jpg",100,100,true],"woocommerce_thumbnail":["https:\/\/running.moximoxi.net\/wp-content\/uploads\/2026\/04\/1-48-247x296.jpg",247,296,true],"woocommerce_single":["https:\/\/running.moximoxi.net\/wp-content\/uploads\/2026\/04\/1-48-510x510.jpg",510,510,true],"woocommerce_gallery_thumbnail":["https:\/\/running.moximoxi.net\/wp-content\/uploads\/2026\/04\/1-48-100x100.jpg",100,100,true]},"uagb_author_info":{"display_name":"Jason Deng","author_link":"https:\/\/running.moximoxi.net\/zh\/author\/"},"uagb_comment_info":0,"uagb_excerpt":"\u5546\u54c1\u8aac\u660e \u6700\u9ad8\u306e\u30d1\u30d5\u30a9\u30fc\u30de\u30f3\u30b9\u3092\u5b9f\u73fe\u3059\u308b\u305f\u3081\u306b\u6dbc\u3057\u3055\u3092\u4fdd\u3061\u306a\u304c\u3089\u9ad8\u3044\u30b5\u30dd\u30fc\u30c8\u529b\u3092\u767a\u63ee\u3057\u307e\u3059\u3002 \u901a\u6c17\u6027\u306e\u3042\u308b\u30e1\u30c3&hellip;","jetpack_sharing_enabled":true,"_links":{"self":[{"href":"https:\/\/running.moximoxi.net\/zh\/wp-json\/wp\/v2\/product\/25229","targetHints":{"allow":["GET"]}}],"collection":[{"href":"https:\/\/running.moximoxi.net\/zh\/wp-json\/wp\/v2\/product"}],"about":[{"href":"https:\/\/running.moximoxi.net\/zh\/wp-json\/wp\/v2\/types\/product"}],"replies":[{"embeddable":true,"href":"https:\/\/running.moximoxi.net\/zh\/wp-json\/wp\/v2\/comments?post=25229"}],"wp:featuredmedia":[{"embeddable":true,"href":"https:\/\/running.moximoxi.net\/zh\/wp-json\/wp\/v2\/media\/25226"}],"wp:attachment":[{"href":"https:\/\/running.moximoxi.net\/zh\/wp-json\/wp\/v2\/media?parent=25229"}],"wp:term":[{"taxonomy":"product_brand","embeddable":true,"href":"https:\/\/running.moximoxi.net\/zh\/wp-json\/wp\/v2\/product_brand?post=25229"},{"taxonomy":"product_cat","embeddable":true,"href":"https:\/\/running.moximoxi.net\/zh\/wp-json\/wp\/v2\/product_cat?post=25229"},{"taxonomy":"product_tag","embeddable":true,"href":"https:\/\/running.moximoxi.net\/zh\/wp-json\/wp\/v2\/product_tag?post=25229"}],"curies":[{"name":"wp","href":"https:\/\/api.w.org\/{rel}","templated":true}]}}