{"id":25458,"date":"2026-04-27T03:03:49","date_gmt":"2026-04-26T18:03:49","guid":{"rendered":"https:\/\/running.moximoxi.net\/product\/%e5%9c%b0%e6%af%af-%e4%ba%ba%e5%ad%97%e7%ba%b9-%e6%97%b6%e5%b0%9a-135x185-185x185-185x235-%e5%9c%b0%e5%9e%ab-%e5%9c%b0%e6%af%af-%e9%98%b2%e6%bb%91-%e6%8f%90%e8%8a%b1%e7%bb%87%e9%80%a0\/"},"modified":"2026-04-27T03:03:49","modified_gmt":"2026-04-26T18:03:49","slug":"%e5%9c%b0%e6%af%af-%e4%ba%ba%e5%ad%97%e7%ba%b9-%e6%97%b6%e5%b0%9a-135x185-185x185-185x235-%e5%9c%b0%e5%9e%ab-%e5%9c%b0%e6%af%af-%e9%98%b2%e6%bb%91-%e6%8f%90%e8%8a%b1%e7%bb%87%e9%80%a0","status":"publish","type":"product","link":"https:\/\/running.moximoxi.net\/zh\/product\/%e5%9c%b0%e6%af%af-%e4%ba%ba%e5%ad%97%e7%ba%b9-%e6%97%b6%e5%b0%9a-135x185-185x185-185x235-%e5%9c%b0%e5%9e%ab-%e5%9c%b0%e6%af%af-%e9%98%b2%e6%bb%91-%e6%8f%90%e8%8a%b1%e7%bb%87%e9%80%a0\/","title":{"rendered":"\u5730\u6bef \u4eba\u5b57\u7eb9 \u65f6\u5c1a 135\u00d7185 185\u00d7185 185\u00d7235 \u5730\u57ab \u5730\u6bef \u9632\u6ed1 \u63d0\u82b1\u7ec7\u9020 \u542b\u805a\u6c28\u916f \u53ef\u6c34\u6d17 \u9694\u97f3 \u8fb9\u6846 \u56fe\u6848 \u957f\u65b9\u5f62 \u6b63\u65b9\u5f62 \u56db\u5b63\u901a\u7528 \u9002\u7528\u4e8e\u5730\u6696 \u9002\u7528\u4e8e\u7535\u70ed\u6bef \u793c\u54c1 \u6625\u590f\u79cb\u51ac\u901a\u7528"},"content":{"rendered":"<p>\u5546\u54c1\u8a73\u7d30 \u54c1\u540d \u30d8\u30ea\u30f3\u30dc\u30fc\u30f3\u30e9\u30b0 \u30b5\u30a4\u30ba 135\u00d7185cm 185\u00d7185cm 185\u00d7235cm \u751f\u5730 \u8868\u5730\uff1a\u30dd\u30ea\u30a8\u30b9\u30c6\u30eb100\uff05 \u88cf\u5730\uff1a\u4e0d\u7e54\u5e03\uff08\u6ed1\u308a\u6b62\u3081\u4ed8\uff09 \u4e2d\u6750 \u8a70\u3081\u7269\uff1a\u30a6\u30ec\u30bf\u30f3\u30d5\u30a9\u30fc\u30e0 \u751f\u7523\u56fd \u4e2d\u56fd\uff08\u65e5\u672c\u3067\u4f01\u753b\u3057\u3066\u4e2d\u56fd\u3067\u88fd\u9020\u3057\u305f\u3082\u306e\u3067\u3059\uff09\u3002<\/p>","protected":false},"excerpt":{"rendered":"<p>\u5546\u54c1\u8a73\u7d30 \u54c1\u540d \u30d8\u30ea\u30f3\u30dc\u30fc\u30f3\u30e9\u30b0 \u30b5\u30a4\u30ba 135\u00d7185cm 185\u00d7185cm 185\u00d7235cm \u751f\u5730 \u8868\u5730\uff1a\u30dd\u30ea\u30a8\u30b9\u30c6\u30eb100\uff05 \u88cf\u5730\uff1a\u4e0d\u7e54\u5e03\uff08\u6ed1\u308a\u6b62\u3081\u4ed8\uff09 \u4e2d\u6750 \u8a70\u3081\u7269\uff1a\u30a6\u30ec\u30bf\u30f3\u30d5\u30a9\u30fc\u30e0 \u751f\u7523\u56fd \u4e2d\u56fd\uff08\u65e5\u672c\u3067\u4f01\u753b\u3057\u3066\u4e2d\u56fd\u3067\u88fd\u9020\u3057\u305f\u3082\u306e\u3067\u3059\uff09 \u30e1\u30fc\u30ab\u30fc\u5e0c\u671b\u5c0f\u58f2\u4fa1\u683c\u306f\u30e1\u30fc\u30ab\u30fc\u30ab\u30bf\u30ed\u30b0\u306b\u57fa\u3065\u3044\u3066\u63b2\u8f09\u3057\u3066\u3044\u307e\u3059\u307b\u304b\u306e\u590f\u5bfe\u7b56\u5546\u54c1 \u30e9\u30b0\u30fb\u30ab\u30fc\u30da\u30c3\u30c8\u7279\u96c6 \u304a\u3059\u3059\u3081\u5546\u54c1\u30a8\u30ea\u30a2 \u30e9\u30b0 \u30ab\u30fc\u30da\u30c3\u30c8 \u30b7\u30e3\u30ae\u30fc\u30e9\u30b0 \u30e9\u30b0 \u30e9\u30b0\u30de\u30c3\u30c8 \u7121\u5730 \u6d17\u3048\u308b \u6297\u83cc \u30e9\u30b0 \u9ad8\u53cd\u767a \u6975\u539a25mm \u539a\u624b \u9ad8\u53cd\u767a\u30e9\u30b0 \u5927\u6d3b\u8e8d \u3053\u305f<\/p>","protected":false},"featured_media":25455,"comment_status":"open","ping_status":"closed","template":"","meta":{"_acf_changed":false,"_uag_custom_page_level_css":""},"product_brand":[],"product_cat":[446],"product_tag":[],"class_list":{"0":"post-25458","1":"product","2":"type-product","3":"status-publish","4":"has-post-thumbnail","6":"product_cat-shoes","8":"first","9":"instock","10":"taxable","11":"shipping-taxable","12":"purchasable","13":"product-type-simple"},"acf":[],"uagb_featured_image_src":{"full":["https:\/\/running.moximoxi.net\/wp-content\/uploads\/2026\/04\/986721_01.jpg",800,800,false],"thumbnail":["https:\/\/running.moximoxi.net\/wp-content\/uploads\/2026\/04\/986721_01-150x150.jpg",150,150,true],"medium":["https:\/\/running.moximoxi.net\/wp-content\/uploads\/2026\/04\/986721_01-300x300.jpg",300,300,true],"medium_large":["https:\/\/running.moximoxi.net\/wp-content\/uploads\/2026\/04\/986721_01-768x768.jpg",768,768,true],"large":["https:\/\/running.moximoxi.net\/wp-content\/uploads\/2026\/04\/986721_01.jpg",800,800,false],"1536x1536":["https:\/\/running.moximoxi.net\/wp-content\/uploads\/2026\/04\/986721_01.jpg",800,800,false],"2048x2048":["https:\/\/running.moximoxi.net\/wp-content\/uploads\/2026\/04\/986721_01.jpg",800,800,false],"trp-custom-language-flag":["https:\/\/running.moximoxi.net\/wp-content\/uploads\/2026\/04\/986721_01-12x12.jpg",12,12,true],"gamipress-points":["https:\/\/running.moximoxi.net\/wp-content\/uploads\/2026\/04\/986721_01-50x50.jpg",50,50,true],"gamipress-achievement":["https:\/\/running.moximoxi.net\/wp-content\/uploads\/2026\/04\/986721_01-100x100.jpg",100,100,true],"gamipress-rank":["https:\/\/running.moximoxi.net\/wp-content\/uploads\/2026\/04\/986721_01-100x100.jpg",100,100,true],"woocommerce_thumbnail":["https:\/\/running.moximoxi.net\/wp-content\/uploads\/2026\/04\/986721_01-247x296.jpg",247,296,true],"woocommerce_single":["https:\/\/running.moximoxi.net\/wp-content\/uploads\/2026\/04\/986721_01-510x510.jpg",510,510,true],"woocommerce_gallery_thumbnail":["https:\/\/running.moximoxi.net\/wp-content\/uploads\/2026\/04\/986721_01-100x100.jpg",100,100,true]},"uagb_author_info":{"display_name":"Jason Deng","author_link":"https:\/\/running.moximoxi.net\/zh\/author\/"},"uagb_comment_info":0,"uagb_excerpt":"\u5546\u54c1\u8a73\u7d30 \u54c1\u540d \u30d8\u30ea\u30f3\u30dc\u30fc\u30f3\u30e9\u30b0 \u30b5\u30a4\u30ba 135\u00d7185cm 185\u00d7185cm 185\u00d7235cm \u751f\u5730 \u8868&hellip;","jetpack_sharing_enabled":true,"_links":{"self":[{"href":"https:\/\/running.moximoxi.net\/zh\/wp-json\/wp\/v2\/product\/25458","targetHints":{"allow":["GET"]}}],"collection":[{"href":"https:\/\/running.moximoxi.net\/zh\/wp-json\/wp\/v2\/product"}],"about":[{"href":"https:\/\/running.moximoxi.net\/zh\/wp-json\/wp\/v2\/types\/product"}],"replies":[{"embeddable":true,"href":"https:\/\/running.moximoxi.net\/zh\/wp-json\/wp\/v2\/comments?post=25458"}],"wp:featuredmedia":[{"embeddable":true,"href":"https:\/\/running.moximoxi.net\/zh\/wp-json\/wp\/v2\/media\/25455"}],"wp:attachment":[{"href":"https:\/\/running.moximoxi.net\/zh\/wp-json\/wp\/v2\/media?parent=25458"}],"wp:term":[{"taxonomy":"product_brand","embeddable":true,"href":"https:\/\/running.moximoxi.net\/zh\/wp-json\/wp\/v2\/product_brand?post=25458"},{"taxonomy":"product_cat","embeddable":true,"href":"https:\/\/running.moximoxi.net\/zh\/wp-json\/wp\/v2\/product_cat?post=25458"},{"taxonomy":"product_tag","embeddable":true,"href":"https:\/\/running.moximoxi.net\/zh\/wp-json\/wp\/v2\/product_tag?post=25458"}],"curies":[{"name":"wp","href":"https:\/\/api.w.org\/{rel}","templated":true}]}}