{"id":26304,"date":"2026-04-27T03:19:03","date_gmt":"2026-04-26T18:19:03","guid":{"rendered":"https:\/\/running.moximoxi.net\/product\/%e5%86%88%e6%9c%ac-%e8%96%84%e6%ac%be-%e6%97%a0%e7%b2%89-%e5%a1%91%e6%96%99-%e8%81%9a%e6%b0%af%e4%b9%99%e7%83%af-s-m-l-%e4%b8%80%e6%ac%a1%e6%80%a7%e6%89%8b%e5%a5%97-pvc-%e6%97%a0%e7%b2%89-%e8%b6%85\/"},"modified":"2026-04-27T03:19:03","modified_gmt":"2026-04-26T18:19:03","slug":"%e5%86%88%e6%9c%ac-%e8%96%84%e6%ac%be-%e6%97%a0%e7%b2%89-%e5%a1%91%e6%96%99-%e8%81%9a%e6%b0%af%e4%b9%99%e7%83%af-s-m-l-%e4%b8%80%e6%ac%a1%e6%80%a7%e6%89%8b%e5%a5%97-pvc-%e6%97%a0%e7%b2%89-%e8%b6%85","status":"publish","type":"product","link":"https:\/\/running.moximoxi.net\/zh\/product\/%e5%86%88%e6%9c%ac-%e8%96%84%e6%ac%be-%e6%97%a0%e7%b2%89-%e5%a1%91%e6%96%99-%e8%81%9a%e6%b0%af%e4%b9%99%e7%83%af-s-m-l-%e4%b8%80%e6%ac%a1%e6%80%a7%e6%89%8b%e5%a5%97-pvc-%e6%97%a0%e7%b2%89-%e8%b6%85\/","title":{"rendered":"\u5188\u672c \u8584\u6b3e \u65e0\u7c89 \u5851\u6599 \u805a\u6c2f\u4e59\u70ef S\/M\/L \u4e00\u6b21\u6027\u624b\u5957 PVC \u65e0\u7c89 \u8d85\u8584 \u4e00\u6b21\u6027 \u534a\u900f\u660e \u5de6\u53f3\u901a\u7528 \u62a4\u7406 \u533b\u7597 \u6e05\u6d01 \u67d3\u53d1 \u5185\u886c\u624b\u5957 OG-352"},"content":{"rendered":"<p>\u5546\u54c1\u60c5\u5831\u30e1\u30fc\u30ab\u30fc\u540d\u30aa\u30ab\u30e2\u30c8\u682a\u5f0f\u4f1a\u793e\u5546\u54c1\u540dOG-352 \u30d7\u30e9\u30b9\u30c1\u30c3\u30af\u624b\u888b 100\u679a\u5165\u30b5\u30a4\u30baS\u30fbM\u30fbL\u54c1\u8cea\u5869\u5316\u30d3\u30cb\u30fc\u30eb100\uff05\u8272\u534a\u900f\u660e\u6ce8\u610f\u203b\u98df\u54c1\u3001\u8abf\u7406\u306b\u306f\u4f7f\u7528\u3057\u306a\u3044\u3067\u304f\u3060\u3055\u3044\u3002<\/p>\n<p>\u767a\u9001\u5143\u798f\u5ca1\u770c<strong>\u5373\u7d0d<\/strong>\u30aa\u30ab\u30e2\u30c8 \u8584\u624b \u7c89\u306a\u3057 \u30d7\u30e9\u30b9\u30c1\u30c3\u30af \u5869\u5316\u30d3\u30cb\u30fc\u30eb S\/M\/L \u4f7f\u3044\u6368\u3066\u624b\u888b 100\u679a\u5165\u3000PVC\u3000\u30d1\u30a6\u30c0\u30fc\u30d5\u30ea\u30fc\u3000\u6975\u8584\u3000\u30c7\u30a3\u30b9\u30dd\u3000\u534a\u900f\u660e\u3000\u5de6\u53f3\u517c\u7528\u3000\u4ecb\u8b77\u3000\u533b\u7642\u3000\u6383\u9664\u3000\u9aea\u67d3\u3081\u3000\u4e0b\u5c65\u304d\u3000OG-352 \u6975\u8584\u3067\u7d20\u624b\u611f\u899a\u3067\u4f7f\u3044\u3084\u3059\u3044\uff01\u5869\u5316\u30d3\u30cb\u30eb\u88fd\u7c89\u7121\u3057\u306a\u306e\u3067\u9178\u30fb\u30a2\u30eb\u30ab\u30ea\u30fb\u5869\u306a\u3069\u306b\u5f37\u3044\u8010\u85ac\u54c1\u6027\u3067\u885b\u751f\u7684 <strong>\u30b5\u30a4\u30ba\u8868<\/strong> \u30b5\u30a4\u30ba\u5168\u9577\u00d7\u4e2d\u6307\u306e\u9577\u3055\u00d7\u624b\u306e\u3072\u3089\u56de\u308a(cm)S24.5\u00d77.0\u00d717.0M24.5\u00d77.9\u00d719.2L24.5\u00d78.5\u00d721.0 1\u3002<\/p>","protected":false},"excerpt":{"rendered":"<p>\u5546\u54c1\u60c5\u5831\u30e1\u30fc\u30ab\u30fc\u540d\u30aa\u30ab\u30e2\u30c8\u682a\u5f0f\u4f1a\u793e\u5546\u54c1\u540dOG-352 \u30d7\u30e9\u30b9\u30c1\u30c3\u30af\u624b\u888b 100\u679a\u5165\u30b5\u30a4\u30baS\u30fbM\u30fbL\u54c1\u8cea\u5869\u5316\u30d3\u30cb\u30fc\u30eb100\uff05\u8272\u534a\u900f\u660e\u6ce8\u610f\u203b\u98df\u54c1\u3001\u8abf\u7406\u306b\u306f\u4f7f\u7528\u3057\u306a\u3044\u3067\u304f\u3060\u3055\u3044\u3002\u767a\u9001\u5143\u798f\u5ca1\u770c\u3010\u5373\u7d0d\u3011\u30aa\u30ab\u30e2\u30c8 \u8584\u624b \u7c89\u306a\u3057 \u30d7\u30e9\u30b9\u30c1\u30c3\u30af \u5869\u5316\u30d3\u30cb\u30fc\u30eb S\/M\/L \u4f7f\u3044\u6368\u3066\u624b\u888b 100\u679a\u5165\u3000PVC\u3000\u30d1\u30a6\u30c0\u30fc\u30d5\u30ea\u30fc\u3000\u6975\u8584\u3000\u30c7\u30a3\u30b9\u30dd\u3000\u534a\u900f\u660e\u3000\u5de6\u53f3\u517c\u7528\u3000\u4ecb\u8b77\u3000\u533b\u7642\u3000\u6383\u9664\u3000\u9aea\u67d3\u3081\u3000\u4e0b\u5c65\u304d\u3000OG-352 \u6975\u8584\u3067\u7d20\u624b\u611f\u899a\u3067\u4f7f\u3044\u3084\u3059\u3044\uff01\u5869\u5316\u30d3\u30cb\u30eb\u88fd\u7c89\u7121\u3057\u306a\u306e\u3067\u9178\u30fb\u30a2\u30eb\u30ab\u30ea\u30fb\u5869\u306a\u3069\u306b\u5f37\u3044\u8010\u85ac\u54c1\u6027\u3067\u885b\u751f\u7684 \u3010\u30b5\u30a4\u30ba\u8868\u3011 \u30b5<\/p>","protected":false},"featured_media":26301,"comment_status":"open","ping_status":"closed","template":"","meta":{"_acf_changed":false,"_uag_custom_page_level_css":""},"product_brand":[],"product_cat":[505],"product_tag":[],"class_list":{"0":"post-26304","1":"product","2":"type-product","3":"status-publish","4":"has-post-thumbnail","6":"product_cat-arm-covers","8":"first","9":"instock","10":"taxable","11":"shipping-taxable","12":"purchasable","13":"product-type-simple"},"acf":[],"uagb_featured_image_src":{"full":["https:\/\/running.moximoxi.net\/wp-content\/uploads\/2026\/04\/compass1601687050.jpg",760,760,false],"thumbnail":["https:\/\/running.moximoxi.net\/wp-content\/uploads\/2026\/04\/compass1601687050-150x150.jpg",150,150,true],"medium":["https:\/\/running.moximoxi.net\/wp-content\/uploads\/2026\/04\/compass1601687050-300x300.jpg",300,300,true],"medium_large":["https:\/\/running.moximoxi.net\/wp-content\/uploads\/2026\/04\/compass1601687050.jpg",760,760,false],"large":["https:\/\/running.moximoxi.net\/wp-content\/uploads\/2026\/04\/compass1601687050.jpg",760,760,false],"1536x1536":["https:\/\/running.moximoxi.net\/wp-content\/uploads\/2026\/04\/compass1601687050.jpg",760,760,false],"2048x2048":["https:\/\/running.moximoxi.net\/wp-content\/uploads\/2026\/04\/compass1601687050.jpg",760,760,false],"trp-custom-language-flag":["https:\/\/running.moximoxi.net\/wp-content\/uploads\/2026\/04\/compass1601687050-12x12.jpg",12,12,true],"gamipress-points":["https:\/\/running.moximoxi.net\/wp-content\/uploads\/2026\/04\/compass1601687050-50x50.jpg",50,50,true],"gamipress-achievement":["https:\/\/running.moximoxi.net\/wp-content\/uploads\/2026\/04\/compass1601687050-100x100.jpg",100,100,true],"gamipress-rank":["https:\/\/running.moximoxi.net\/wp-content\/uploads\/2026\/04\/compass1601687050-100x100.jpg",100,100,true],"woocommerce_thumbnail":["https:\/\/running.moximoxi.net\/wp-content\/uploads\/2026\/04\/compass1601687050-247x296.jpg",247,296,true],"woocommerce_single":["https:\/\/running.moximoxi.net\/wp-content\/uploads\/2026\/04\/compass1601687050-510x510.jpg",510,510,true],"woocommerce_gallery_thumbnail":["https:\/\/running.moximoxi.net\/wp-content\/uploads\/2026\/04\/compass1601687050-100x100.jpg",100,100,true]},"uagb_author_info":{"display_name":"Jason Deng","author_link":"https:\/\/running.moximoxi.net\/zh\/author\/"},"uagb_comment_info":0,"uagb_excerpt":"\u5546\u54c1\u60c5\u5831\u30e1\u30fc\u30ab\u30fc\u540d\u30aa\u30ab\u30e2\u30c8\u682a\u5f0f\u4f1a\u793e\u5546\u54c1\u540dOG-352 \u30d7\u30e9\u30b9\u30c1\u30c3\u30af\u624b\u888b 100\u679a\u5165\u30b5\u30a4\u30baS\u30fbM\u30fbL\u54c1\u8cea\u5869\u5316\u30d3\u30cb&hellip;","jetpack_sharing_enabled":true,"_links":{"self":[{"href":"https:\/\/running.moximoxi.net\/zh\/wp-json\/wp\/v2\/product\/26304","targetHints":{"allow":["GET"]}}],"collection":[{"href":"https:\/\/running.moximoxi.net\/zh\/wp-json\/wp\/v2\/product"}],"about":[{"href":"https:\/\/running.moximoxi.net\/zh\/wp-json\/wp\/v2\/types\/product"}],"replies":[{"embeddable":true,"href":"https:\/\/running.moximoxi.net\/zh\/wp-json\/wp\/v2\/comments?post=26304"}],"wp:featuredmedia":[{"embeddable":true,"href":"https:\/\/running.moximoxi.net\/zh\/wp-json\/wp\/v2\/media\/26301"}],"wp:attachment":[{"href":"https:\/\/running.moximoxi.net\/zh\/wp-json\/wp\/v2\/media?parent=26304"}],"wp:term":[{"taxonomy":"product_brand","embeddable":true,"href":"https:\/\/running.moximoxi.net\/zh\/wp-json\/wp\/v2\/product_brand?post=26304"},{"taxonomy":"product_cat","embeddable":true,"href":"https:\/\/running.moximoxi.net\/zh\/wp-json\/wp\/v2\/product_cat?post=26304"},{"taxonomy":"product_tag","embeddable":true,"href":"https:\/\/running.moximoxi.net\/zh\/wp-json\/wp\/v2\/product_tag?post=26304"}],"curies":[{"name":"wp","href":"https:\/\/api.w.org\/{rel}","templated":true}]}}