{"id":27840,"date":"2026-05-05T14:33:04","date_gmt":"2026-05-05T05:33:04","guid":{"rendered":"https:\/\/running.moximoxi.net\/product\/7%e4%bc%98%e6%83%a0%e5%88%b8%e6%9c%89%e6%95%88%e6%9c%9f%e8%87%b35%e6%9c%886%e6%97%a5%e2%98%85-%e5%8f%af%e6%b0%b4%e6%b4%97-%e8%b6%85%e7%bb%86%e7%ba%a4%e7%bb%b4-%e5%9c%b0%e5%9e%ab-%e6%8a%97%e8%8f%8c\/"},"modified":"2026-05-05T14:33:04","modified_gmt":"2026-05-05T05:33:04","slug":"7%e4%bc%98%e6%83%a0%e5%88%b8%e6%9c%89%e6%95%88%e6%9c%9f%e8%87%b35%e6%9c%886%e6%97%a5%e2%98%85-%e5%8f%af%e6%b0%b4%e6%b4%97-%e8%b6%85%e7%bb%86%e7%ba%a4%e7%bb%b4-%e5%9c%b0%e5%9e%ab-%e6%8a%97%e8%8f%8c","status":"publish","type":"product","link":"https:\/\/running.moximoxi.net\/zh\/product\/7%e4%bc%98%e6%83%a0%e5%88%b8%e6%9c%89%e6%95%88%e6%9c%9f%e8%87%b35%e6%9c%886%e6%97%a5%e2%98%85-%e5%8f%af%e6%b0%b4%e6%b4%97-%e8%b6%85%e7%bb%86%e7%ba%a4%e7%bb%b4-%e5%9c%b0%e5%9e%ab-%e6%8a%97%e8%8f%8c\/","title":{"rendered":"7% \u597d\u8fd0\u5238\u6709\u6548\u671f\u81f35\u67086\u65e5\u2605 \u53ef\u6c34\u6d17\uff0c\u8d85\u7ec6\u9762\u6599\uff0c\u6297\u83cc\u9664\u81ed\uff0c130\u00d7185 185\u00d7185 200\u00d7250 200\u00d7300\uff0c\u957f\u65b9\u5f62\u3001\u77e9\u5f62\u3001\u6b63\u65b9\u5f62\uff0c\u56db\u5b63\u7686\u5b9c\uff0c\u5317\u6b27\u98ce\u683c \u603b\u7ed3 \u9632\u6ed1 \u5e95\u8272 \u81ea\u9002\u5e94\u52a0\u70ed \u51ac\u5b63 \u81ea\u9002\u5e94\u52a0\u70ed \u7070\u8272"},"content":{"rendered":"<p>\u4ea7\u54c1\u89c4\u683c\uff1a\u5c3a\u5bf8\uff08\u5398\u7c73\uff09\u3002<\/p>\n<ul>\n<li>130 x 185 \u5398\u7c73<\/li>\n<li>185 x 185 \u5398\u7c73<\/li>\n<li>200 x 250 \u5398\u7c73<\/li>\n<li>200 x 300 \u5398\u7c73 *\u7531\u4e8e\u5e03\u6599\u4ea7\u54c1\u7684\u7279\u6027\uff0c\u53ef\u80fd\u5b58\u5728\u7ea6\u00b15\u5398\u7c73\u7684\u8bef\u5dee\u3002\u6750\u8d28<\/li>\n<li>\u5916\u5c42\u9762\u6599\uff1a100% \u805a\u916f\u7ea4\u7ef4 %<\/li>\n<li>\u91cc\u6599\uff1a\u6da4\u7eb6\uff08\u9632\u6ed1\u5904\u7406\uff09 \u989c\u8272<\/li>\n<li>GN\uff08\u7eff\u8272\uff09<\/li>\n<li>BR\uff08\u68d5\u8272\uff09<\/li>\n<li>IV\uff08\u8c61\u7259\u8272\uff09<\/li>\n<li>GY\uff08\u7070\u8272\uff09<\/li>\n<li>BK\uff08\u9ed1\u8272\uff09\u539f\u4ea7\u56fd<\/li>\n<li>\u4e2d\u56fd\u6ce8\u610f\u4e8b\u9879 *\u672c\u9875\u9762\u4ec5\u9500\u552e\u5730\u6bef\u3002 \u8fd0\u8d39\u4fe1\u606f *\u504f\u8fdc\u5c9b\u5c7f\u9700\u989d\u5916\u6536\u53d6\u8fd0\u8d39\uff0c\u5177\u4f53\u8fd0\u8d39\u9700\u53e6\u884c\u4f30\u7b97\u3002\u8d2d\u7269\u6ee19800\u65e5\u5143\u5305\u90ae\u3002 \u67d4\u8f6f\u6709\u5f39\u6027\uff0c\u539a\u5ea620\u6beb\u7c73 \u25bd \u4e5f\u63a8\u8350\u4f7f\u7528\u8d85\u7ec6\u7ea4\u7ef4\u5730\u6bef \u25bd 4\u79cd\u5c3a\u5bf8\u53ef\u9009\uff1a130\u00d7185\/185\u00d7185\/200\u00d7250\/200\u00d7300 \u540c\u7cfb\u5217 \u25bc \u4e5f\u63a8\u8350\u4f7f\u7528\u53ef\u6c34\u6d17\u7ed7\u7f1d\u5730\u6bef\u7cfb\u5217 \u25bc \u6761\u7eb9\u7ed7\u7f1d\u5730\u6bef \u725b\u4ed4\u5e03\u7ed7\u7f1d\u5730\u6bef &gt;&gt; \u5927\u4ef6\u5546\u54c1\u914d\u9001\u6ce8\u610f\u4e8b\u9879 *\u8d2d\u4e70\u524d\u8bf7\u52a1\u5fc5\u786e\u8ba4<\/li>\n<\/ul>","protected":false},"excerpt":{"rendered":"<p>\u4ea7\u54c1\u89c4\u683c \u5c3a\u5bf8\uff08\u5398\u7c73\uff09 \u30fb130\u00d7185\u5398\u7c73 \u30fb185\u00d7185\u5398\u7c73 \u30fb200\u00d7250\u5398\u7c73 \u30fb200\u00d7300\u5398\u7c73 *\u7531\u4e8e\u7ec7\u7269\u4ea7\u54c1\u7684\u7279\u6027\uff0c\u5c3a\u5bf8\u53ef\u80fd\u5b58\u5728\u7ea6\u00b15\u5398\u7c73\u7684\u8bef\u5dee\u3002 \u6750\u8d28 \u30fb\u8868\u9762\uff1a\u805a\u916f\u7ea4\u7ef4 100% \u30fb\u91cc\u6599\uff1a\u805a\u916f\u7ea4\u7ef4\uff08\u9632\u6ed1\u5904\u7406\uff09 \u989c\u8272 \u30fbGN\uff08\u7eff\u8272\uff09 \u30fbBR\uff08\u68d5\u8272\uff09 \u30fbIV\uff08\u8c61\u7259\u8272\uff09 \u30fbGY\uff08\u7070\u8272\uff09 \u30fbBK\uff08\u9ed1\u8272\uff09 \u4ea7\u5730 \u30fb\u4e2d\u56fd \u5907\u6ce8 *\u672c\u9875\u9762\u4ec5\u9500\u552e\u5730\u6bef\u3002<\/p>","protected":false},"featured_media":27837,"comment_status":"open","ping_status":"closed","template":"","meta":{"_acf_changed":false,"_uag_custom_page_level_css":""},"product_brand":[],"product_cat":[446],"product_tag":[],"class_list":{"0":"post-27840","1":"product","2":"type-product","3":"status-publish","4":"has-post-thumbnail","6":"product_cat-shoes","8":"first","9":"instock","10":"taxable","11":"shipping-taxable","12":"purchasable","13":"product-type-simple"},"acf":[],"uagb_featured_image_src":{"full":["https:\/\/running.moximoxi.net\/wp-content\/uploads\/2026\/05\/smk-0587.jpg",800,800,false],"thumbnail":["https:\/\/running.moximoxi.net\/wp-content\/uploads\/2026\/05\/smk-0587-150x150.jpg",150,150,true],"medium":["https:\/\/running.moximoxi.net\/wp-content\/uploads\/2026\/05\/smk-0587-300x300.jpg",300,300,true],"medium_large":["https:\/\/running.moximoxi.net\/wp-content\/uploads\/2026\/05\/smk-0587-768x768.jpg",768,768,true],"large":["https:\/\/running.moximoxi.net\/wp-content\/uploads\/2026\/05\/smk-0587.jpg",800,800,false],"1536x1536":["https:\/\/running.moximoxi.net\/wp-content\/uploads\/2026\/05\/smk-0587.jpg",800,800,false],"2048x2048":["https:\/\/running.moximoxi.net\/wp-content\/uploads\/2026\/05\/smk-0587.jpg",800,800,false],"trp-custom-language-flag":["https:\/\/running.moximoxi.net\/wp-content\/uploads\/2026\/05\/smk-0587-12x12.jpg",12,12,true],"woocommerce_thumbnail":["https:\/\/running.moximoxi.net\/wp-content\/uploads\/2026\/05\/smk-0587-247x296.jpg",247,296,true],"woocommerce_single":["https:\/\/running.moximoxi.net\/wp-content\/uploads\/2026\/05\/smk-0587-510x510.jpg",510,510,true],"woocommerce_gallery_thumbnail":["https:\/\/running.moximoxi.net\/wp-content\/uploads\/2026\/05\/smk-0587-100x100.jpg",100,100,true]},"uagb_author_info":{"display_name":"Jason Deng","author_link":"https:\/\/running.moximoxi.net\/zh\/author\/"},"uagb_comment_info":0,"uagb_excerpt":"\u5546\u54c1\u4ed5\u69d8 \u30b5\u30a4\u30ba(cm) \u30fb130\u00d7185cm \u30fb185\u00d7185cm \u30fb200\u00d7250cm \u30fb200\u00d7300c&hellip;","jetpack_sharing_enabled":true,"_links":{"self":[{"href":"https:\/\/running.moximoxi.net\/zh\/wp-json\/wp\/v2\/product\/27840","targetHints":{"allow":["GET"]}}],"collection":[{"href":"https:\/\/running.moximoxi.net\/zh\/wp-json\/wp\/v2\/product"}],"about":[{"href":"https:\/\/running.moximoxi.net\/zh\/wp-json\/wp\/v2\/types\/product"}],"replies":[{"embeddable":true,"href":"https:\/\/running.moximoxi.net\/zh\/wp-json\/wp\/v2\/comments?post=27840"}],"wp:featuredmedia":[{"embeddable":true,"href":"https:\/\/running.moximoxi.net\/zh\/wp-json\/wp\/v2\/media\/27837"}],"wp:attachment":[{"href":"https:\/\/running.moximoxi.net\/zh\/wp-json\/wp\/v2\/media?parent=27840"}],"wp:term":[{"taxonomy":"product_brand","embeddable":true,"href":"https:\/\/running.moximoxi.net\/zh\/wp-json\/wp\/v2\/product_brand?post=27840"},{"taxonomy":"product_cat","embeddable":true,"href":"https:\/\/running.moximoxi.net\/zh\/wp-json\/wp\/v2\/product_cat?post=27840"},{"taxonomy":"product_tag","embeddable":true,"href":"https:\/\/running.moximoxi.net\/zh\/wp-json\/wp\/v2\/product_tag?post=27840"}],"curies":[{"name":"wp","href":"https:\/\/api.w.org\/{rel}","templated":true}]}}